{"id":15369,"date":"2014-11-18T00:45:39","date_gmt":"2014-11-18T00:45:39","guid":{"rendered":"http:\/\/demo.qodeinteractive.com\/bridge52\/?page_id=15369"},"modified":"2017-09-21T10:43:07","modified_gmt":"2017-09-21T10:43:07","slug":"eira-dos-canastros","status":"publish","type":"page","link":"https:\/\/eiradoscanastros.com\/pt\/eira-dos-canastros\/","title":{"rendered":"A Eira"},"content":{"rendered":"<div class=\"wpb-content-wrapper\"><p>[vc_row css_animation=&#8221;&#8221; row_type=&#8221;row&#8221; use_row_as_full_screen_section=&#8221;no&#8221; type=&#8221;grid&#8221; angled_section=&#8221;no&#8221; text_align=&#8221;left&#8221; background_image_as_pattern=&#8221;without_pattern&#8221; background_color=&#8221;#faf9f9&#8243; padding_top=&#8221;83&#8243; padding_bottom=&#8221;53&#8243;][vc_column][vc_column_text]<\/p>\n<h3 style=\"text-align: center;\">Bem Vindo(a) \u00e0 Eira dos Canastros<\/h3>\n<p>[\/vc_column_text][vc_separator type=&#8221;small&#8221; position=&#8221;center&#8221; up=&#8221;15&#8243; down=&#8221;34&#8243;][vc_column_text]<\/p>\n<p style=\"text-align: center;\">Localizada em Sever do Vouga, na Capital do Mirtilo, a Eira dos Canastros \u00e9 um destino tur\u00edstico de excel\u00eancia na Regi\u00e3o Centro. Com uma localiza\u00e7\u00e3o geogr\u00e1fica privilegiada, encontra-se a escassos 40Km de Aveiro e a 36Km de Viseu. Apenas 21Km separam a propriedade das Termas de S\u00e3o Pedro do Sul, sendo o aeroporto mais pr\u00f3ximo, o do Porto (70Km).<\/p>\n<p>[\/vc_column_text][vc_column_text css=&#8221;.vc_custom_1505990542602{padding-top: 10px !important;}&#8221;]<\/p>\n<p style=\"text-align: center;\">Quem chega \u00e0 Eira dos Canastros, surpreende-se com uma atmosfera rural onde os diferentes tons de verde se entrela\u00e7am, convidando a desfrutar de dias de descanso. Com um ambiente acolhedor e familiar, os visitantes s\u00e3o recebidos na sua pr\u00f3pria l\u00edngua materna. Um canastro recorda os tempos antigos e o regresso \u00e0s ra\u00edzes \u00e9 feito com toques de modernidade e bom gosto que se traduzem no conforto e decora\u00e7\u00e3o das casas e quartos. A Eira dos Canastros \u00e9 classificada com a melhor m\u00e9dia qualidade\/pre\u00e7o entre os alojamentos rurais da regi\u00e3o.<\/p>\n<p>[\/vc_column_text][vc_column_text css=&#8221;.vc_custom_1505990555336{padding-top: 10px !important;}&#8221;]<\/p>\n<p style=\"text-align: center;\">A Eira dos Canastros disp\u00f5e de uma piscina aquecida ao ar livre durante todo o ano, tornando poss\u00edvel desfrutar de momentos agrad\u00e1veis mesmo nos dias mais frescos. Entre os outros espa\u00e7os de lazer, destaque para a sauna, banho turco e espa\u00e7o infantil. O terra\u00e7o com uma vista privilegiada convida a momentos de imers\u00e3o em paz e tranquilidade \u00e0 sombra de uma p\u00e9rgula.<\/p>\n<p>[\/vc_column_text][vc_column_text css=&#8221;.vc_custom_1505990576586{padding-top: 10px !important;}&#8221;]<\/p>\n<p style=\"text-align: center;\">Com wi-fi gratuito em toda a propriedade, os visitantes podem usufruir do parque de estacionamento privativo e gratuito.<\/p>\n<p>[\/vc_column_text][\/vc_column][\/vc_row]<\/p>\n<\/div>","protected":false},"excerpt":{"rendered":"<p>[vc_row css_animation=&#8221;&#8221; row_type=&#8221;row&#8221; use_row_as_full_screen_section=&#8221;no&#8221; type=&#8221;grid&#8221; angled_section=&#8221;no&#8221; text_align=&#8221;left&#8221; background_image_as_pattern=&#8221;without_pattern&#8221; background_color=&#8221;#faf9f9&#8243; padding_top=&#8221;83&#8243; padding_bottom=&#8221;53&#8243;][vc_column][vc_column_text] Bem Vindo(a) \u00e0 Eira dos Canastros [\/vc_column_text][vc_separator type=&#8221;small&#8221; position=&#8221;center&#8221; up=&#8221;15&#8243; down=&#8221;34&#8243;][vc_column_text] Localizada em Sever do Vouga, na Capital do Mirtilo, a Eira dos Canastros \u00e9 um destino tur\u00edstico de excel\u00eancia na Regi\u00e3o Centro. Com&#8230;<\/p>\n","protected":false},"author":1,"featured_media":0,"parent":0,"menu_order":0,"comment_status":"open","ping_status":"open","template":"full_width.php","meta":[],"_links":{"self":[{"href":"https:\/\/eiradoscanastros.com\/pt\/wp-json\/wp\/v2\/pages\/15369"}],"collection":[{"href":"https:\/\/eiradoscanastros.com\/pt\/wp-json\/wp\/v2\/pages"}],"about":[{"href":"https:\/\/eiradoscanastros.com\/pt\/wp-json\/wp\/v2\/types\/page"}],"author":[{"embeddable":true,"href":"https:\/\/eiradoscanastros.com\/pt\/wp-json\/wp\/v2\/users\/1"}],"replies":[{"embeddable":true,"href":"https:\/\/eiradoscanastros.com\/pt\/wp-json\/wp\/v2\/comments?post=15369"}],"version-history":[{"count":12,"href":"https:\/\/eiradoscanastros.com\/pt\/wp-json\/wp\/v2\/pages\/15369\/revisions"}],"predecessor-version":[{"id":16066,"href":"https:\/\/eiradoscanastros.com\/pt\/wp-json\/wp\/v2\/pages\/15369\/revisions\/16066"}],"wp:attachment":[{"href":"https:\/\/eiradoscanastros.com\/pt\/wp-json\/wp\/v2\/media?parent=15369"}],"curies":[{"name":"wp","href":"https:\/\/api.w.org\/{rel}","templated":true}]}}