{"id":15716,"date":"2017-04-25T16:18:35","date_gmt":"2017-04-25T16:18:35","guid":{"rendered":"http:\/\/eiradoscanastros.com\/?page_id=15716"},"modified":"2026-02-16T09:06:42","modified_gmt":"2026-02-16T09:06:42","slug":"contactos","status":"publish","type":"page","link":"https:\/\/eiradoscanastros.com\/en\/contactos\/","title":{"rendered":"Contacts"},"content":{"rendered":"<div class=\"wpb-content-wrapper\"><p>[vc_row css_animation=&#8221;&#8221; row_type=&#8221;row&#8221; use_row_as_full_screen_section=&#8221;no&#8221; type=&#8221;full_width&#8221; angled_section=&#8221;no&#8221; text_align=&#8221;left&#8221; background_image_as_pattern=&#8221;without_pattern&#8221;][vc_column][vc_empty_space css=&#8221;.vc_custom_1493145377830{margin-top: 85px !important;}&#8221;][\/vc_column][\/vc_row][vc_row css_animation=&#8221;&#8221; row_type=&#8221;row&#8221; use_row_as_full_screen_section=&#8221;no&#8221; type=&#8221;full_width&#8221; angled_section=&#8221;no&#8221; text_align=&#8221;left&#8221; background_image_as_pattern=&#8221;without_pattern&#8221; css=&#8221;.vc_custom_1493138423315{padding-top: 15px !important;}&#8221;][vc_column][vc_column_text]<\/p>\n<h2 style=\"text-align: center;\">Contacts<\/h2>\n<p>[\/vc_column_text][vc_separator type=&#8221;small&#8221; position=&#8221;center&#8221; color=&#8221;#a08857&#8243;][vc_column_text css=&#8221;&#8221;]<\/p>\n<p style=\"text-align: center;\"><strong>Address<br \/>\n<\/strong>Rua do Pa\u00e7\u00f4 de Baixo 59, Pa\u00e7\u00f4, Cedrim<\/p>\n<p style=\"text-align: center;\"><strong><br \/>\nMobile Phone<br \/>\n<\/strong>+351 916 310\u00a0424<br \/>\n(cost of a call to the national mobile network)<\/p>\n<p style=\"text-align: center;\">+351 914\u00a0200 526<br \/>\n(cost of a call to the national mobile network)<\/p>\n<p style=\"text-align: center;\"><strong><br \/>\nEmail<br \/>\n<\/strong>reservas@eiradoscanastros.com<\/p>\n<p>[\/vc_column_text][\/vc_column][\/vc_row][vc_row css_animation=&#8221;&#8221; row_type=&#8221;row&#8221; use_row_as_full_screen_section=&#8221;no&#8221; type=&#8221;full_width&#8221; angled_section=&#8221;no&#8221; text_align=&#8221;center&#8221; background_image_as_pattern=&#8221;without_pattern&#8221;][vc_column]<span class='q_social_icon_holder circle_social' ><a itemprop='url' href='https:\/\/www.facebook.com\/herdadedoscanastros\/' target='_blank'><span class='fa-stack fa-lg' style=''><i class=\"qode_icon_font_awesome fa fa-facebook \" style=\"\" ><\/i><\/span><\/a><\/span>[\/vc_column][\/vc_row][vc_row css_animation=&#8221;&#8221; row_type=&#8221;row&#8221; use_row_as_full_screen_section=&#8221;no&#8221; type=&#8221;full_width&#8221; angled_section=&#8221;no&#8221; text_align=&#8221;left&#8221; background_image_as_pattern=&#8221;without_pattern&#8221;][vc_column][vc_empty_space css=&#8221;.vc_custom_1493144522331{margin-top: 45px !important;}&#8221;][\/vc_column][\/vc_row][vc_row css_animation=&#8221;&#8221; row_type=&#8221;row&#8221; use_row_as_full_screen_section=&#8221;no&#8221; type=&#8221;full_width&#8221; angled_section=&#8221;no&#8221; text_align=&#8221;left&#8221; background_image_as_pattern=&#8221;without_pattern&#8221;][vc_column][vc_column_text]<\/p>\n<p style=\"text-align: center;\"><strong>Make your reservation directly through Booking.com<\/strong><\/p>\n<p><a href=\"http:\/\/booking.com\/0d0ff022b225\" target=\"_blank\" rel=\"noopener noreferrer\"><img loading=\"lazy\" class=\"size-medium wp-image-15885 aligncenter\" src=\"http:\/\/eiradoscanastros.com\/wp-content\/uploads\/2017\/04\/Booking-logo-4-300x60.png\" alt=\"\" width=\"300\" height=\"60\" srcset=\"https:\/\/eiradoscanastros.com\/wp-content\/uploads\/2017\/04\/Booking-logo-4-300x60.png 300w, https:\/\/eiradoscanastros.com\/wp-content\/uploads\/2017\/04\/Booking-logo-4-768x154.png 768w, https:\/\/eiradoscanastros.com\/wp-content\/uploads\/2017\/04\/Booking-logo-4-1024x206.png 1024w, https:\/\/eiradoscanastros.com\/wp-content\/uploads\/2017\/04\/Booking-logo-4-700x141.png 700w, https:\/\/eiradoscanastros.com\/wp-content\/uploads\/2017\/04\/Booking-logo-4.png 1100w\" sizes=\"(max-width: 300px) 100vw, 300px\" \/><\/a>[\/vc_column_text][\/vc_column][\/vc_row][vc_row css_animation=&#8221;&#8221; row_type=&#8221;row&#8221; use_row_as_full_screen_section=&#8221;no&#8221; type=&#8221;full_width&#8221; angled_section=&#8221;no&#8221; text_align=&#8221;left&#8221; background_image_as_pattern=&#8221;without_pattern&#8221;][vc_column][vc_empty_space css=&#8221;.vc_custom_1493144522331{margin-top: 45px !important;}&#8221;][\/vc_column][\/vc_row][vc_row css_animation=&#8221;&#8221; row_type=&#8221;row&#8221; use_row_as_full_screen_section=&#8221;no&#8221; type=&#8221;full_width&#8221; angled_section=&#8221;no&#8221; text_align=&#8221;left&#8221; background_image_as_pattern=&#8221;without_pattern&#8221;][vc_column][vc_column_text css=&#8221;.vc_custom_1506104499947{padding-top: 15px !important;}&#8221;]<\/p>\n<h2 style=\"text-align: center;\">Location<\/h2>\n<p>[\/vc_column_text][vc_separator type=&#8221;small&#8221; position=&#8221;center&#8221; color=&#8221;#a08857&#8243;]<div class=\"sbvcgmap-map-wrapper\" style=\"width:100%;height:400px\"><div class=\"sbvcgmap-map\" zoom=\"16\" maptype=\"ROADMAP\" panoramatogglebutton=\"no\" pancontrol=\"yes\" pancontrol_position=\"TOP_LEFT\" zoomcontrol=\"yes\" zoomcontrol_position=\"TOP_LEFT\" zoomcontrolstyle=\"DEFAULT\" maptypecontrol=\"yes\" maptypecontrol_position=\"TOP_RIGHT\" streetviewcontrol=\"yes\" streetviewcontrol_position=\"TOP_LEFT\" overviewmapcontrol=\"yes\" overviewmapcontrolvisible=\"no\" maptypecontrolstyle=\"DEFAULT\" mapstyle=\"style-1\" weather=\"no\" traffic=\"no\" transit=\"no\" bicycle=\"no\" panoramio=\"no\" draggable=\"yes\" scrollwheel=\"no\" cplatitude=\"0\" cplongitude=\"0\" scalecontrol=\"yes\" searchtype=\"disabled\" searchradius=\"500\" searchiconanimation=\"NONE\" searchdirectiontext=\"\" reloadonresize=\"no\" clustering=\"no\" style=\"width:100%;height:400px\"><div class=\"sbvcgmap-marker\" data-lat=\"40.726497030342\" data-lng=\"-8.3364095538855\" infowindow=\"no\" animation=\"NONE\" customstyles=\"no\" ><\/div><\/div><\/div>[\/vc_column][\/vc_row]<\/p>\n<\/div>","protected":false},"excerpt":{"rendered":"<p>[vc_row css_animation=&#8221;&#8221; row_type=&#8221;row&#8221; use_row_as_full_screen_section=&#8221;no&#8221; type=&#8221;full_width&#8221; angled_section=&#8221;no&#8221; text_align=&#8221;left&#8221; background_image_as_pattern=&#8221;without_pattern&#8221;][vc_column][vc_empty_space css=&#8221;.vc_custom_1493145377830{margin-top: 85px !important;}&#8221;][\/vc_column][\/vc_row][vc_row css_animation=&#8221;&#8221; row_type=&#8221;row&#8221; use_row_as_full_screen_section=&#8221;no&#8221; type=&#8221;full_width&#8221; angled_section=&#8221;no&#8221; text_align=&#8221;left&#8221; background_image_as_pattern=&#8221;without_pattern&#8221; css=&#8221;.vc_custom_1493138423315{padding-top: 15px !important;}&#8221;][vc_column][vc_column_text] Contacts [\/vc_column_text][vc_separator type=&#8221;small&#8221; position=&#8221;center&#8221; color=&#8221;#a08857&#8243;][vc_column_text css=&#8221;&#8221;] Address Rua do Pa\u00e7\u00f4 de Baixo 59, Pa\u00e7\u00f4, Cedrim Mobile Phone +351 916 310\u00a0424 (cost of a call&#8230;<\/p>\n","protected":false},"author":1,"featured_media":0,"parent":0,"menu_order":0,"comment_status":"closed","ping_status":"closed","template":"full_width.php","meta":[],"_links":{"self":[{"href":"https:\/\/eiradoscanastros.com\/en\/wp-json\/wp\/v2\/pages\/15716"}],"collection":[{"href":"https:\/\/eiradoscanastros.com\/en\/wp-json\/wp\/v2\/pages"}],"about":[{"href":"https:\/\/eiradoscanastros.com\/en\/wp-json\/wp\/v2\/types\/page"}],"author":[{"embeddable":true,"href":"https:\/\/eiradoscanastros.com\/en\/wp-json\/wp\/v2\/users\/1"}],"replies":[{"embeddable":true,"href":"https:\/\/eiradoscanastros.com\/en\/wp-json\/wp\/v2\/comments?post=15716"}],"version-history":[{"count":35,"href":"https:\/\/eiradoscanastros.com\/en\/wp-json\/wp\/v2\/pages\/15716\/revisions"}],"predecessor-version":[{"id":16116,"href":"https:\/\/eiradoscanastros.com\/en\/wp-json\/wp\/v2\/pages\/15716\/revisions\/16116"}],"wp:attachment":[{"href":"https:\/\/eiradoscanastros.com\/en\/wp-json\/wp\/v2\/media?parent=15716"}],"curies":[{"name":"wp","href":"https:\/\/api.w.org\/{rel}","templated":true}]}}